{"id":1605,"date":"2025-02-01T23:59:36","date_gmt":"2025-02-01T22:59:36","guid":{"rendered":"https:\/\/funduszodszkodowan.eu\/?page_id=1605"},"modified":"2025-03-10T17:11:02","modified_gmt":"2025-03-10T16:11:02","slug":"wypadek-przy-pracy","status":"publish","type":"page","link":"https:\/\/funduszodszkodowan.eu\/?page_id=1605","title":{"rendered":"Wypadek przy pracy"},"content":{"rendered":"\t\t<div data-elementor-type=\"wp-page\" data-elementor-id=\"1605\" class=\"elementor elementor-1605\">\n\t\t\t\t<div class=\"elementor-element elementor-element-f53a490 e-flex e-con-boxed e-con e-parent\" data-id=\"f53a490\" data-element_type=\"container\" data-settings=\"{&quot;background_background&quot;:&quot;classic&quot;}\">\n\t\t\t\t\t<div class=\"e-con-inner\">\n\t\t\t\t<div class=\"elementor-element elementor-element-6e43092 elementor-widget elementor-widget-spacer\" data-id=\"6e43092\" data-element_type=\"widget\" data-widget_type=\"spacer.default\">\n\t\t\t\t<div class=\"elementor-widget-container\">\n\t\t\t<style>\/*! elementor - v3.23.0 - 05-08-2024 *\/\n.elementor-column .elementor-spacer-inner{height:var(--spacer-size)}.e-con{--container-widget-width:100%}.e-con-inner>.elementor-widget-spacer,.e-con>.elementor-widget-spacer{width:var(--container-widget-width,var(--spacer-size));--align-self:var(--container-widget-align-self,initial);--flex-shrink:0}.e-con-inner>.elementor-widget-spacer>.elementor-widget-container,.e-con>.elementor-widget-spacer>.elementor-widget-container{height:100%;width:100%}.e-con-inner>.elementor-widget-spacer>.elementor-widget-container>.elementor-spacer,.e-con>.elementor-widget-spacer>.elementor-widget-container>.elementor-spacer{height:100%}.e-con-inner>.elementor-widget-spacer>.elementor-widget-container>.elementor-spacer>.elementor-spacer-inner,.e-con>.elementor-widget-spacer>.elementor-widget-container>.elementor-spacer>.elementor-spacer-inner{height:var(--container-widget-height,var(--spacer-size))}.e-con-inner>.elementor-widget-spacer.elementor-widget-empty,.e-con>.elementor-widget-spacer.elementor-widget-empty{position:relative;min-height:22px;min-width:22px}.e-con-inner>.elementor-widget-spacer.elementor-widget-empty .elementor-widget-empty-icon,.e-con>.elementor-widget-spacer.elementor-widget-empty .elementor-widget-empty-icon{position:absolute;top:0;bottom:0;left:0;right:0;margin:auto;padding:0;width:22px;height:22px}<\/style>\t\t<div class=\"elementor-spacer\">\n\t\t\t<div class=\"elementor-spacer-inner\"><\/div>\n\t\t<\/div>\n\t\t\t\t<\/div>\n\t\t\t\t<\/div>\n\t\t\t\t<div class=\"elementor-element elementor-element-330b0b5 elementor-widget elementor-widget-heading\" data-id=\"330b0b5\" data-element_type=\"widget\" data-widget_type=\"heading.default\">\n\t\t\t\t<div class=\"elementor-widget-container\">\n\t\t\t<style>\/*! elementor - v3.23.0 - 05-08-2024 *\/\n.elementor-heading-title{padding:0;margin:0;line-height:1}.elementor-widget-heading .elementor-heading-title[class*=elementor-size-]>a{color:inherit;font-size:inherit;line-height:inherit}.elementor-widget-heading .elementor-heading-title.elementor-size-small{font-size:15px}.elementor-widget-heading .elementor-heading-title.elementor-size-medium{font-size:19px}.elementor-widget-heading .elementor-heading-title.elementor-size-large{font-size:29px}.elementor-widget-heading .elementor-heading-title.elementor-size-xl{font-size:39px}.elementor-widget-heading .elementor-heading-title.elementor-size-xxl{font-size:59px}<\/style><h2 class=\"elementor-heading-title elementor-size-default\">Wypadek przy pracy<\/h2>\t\t<\/div>\n\t\t\t\t<\/div>\n\t\t\t\t<div class=\"elementor-element elementor-element-cc37844 elementor-widget elementor-widget-spacer\" data-id=\"cc37844\" data-element_type=\"widget\" data-widget_type=\"spacer.default\">\n\t\t\t\t<div class=\"elementor-widget-container\">\n\t\t\t\t\t<div class=\"elementor-spacer\">\n\t\t\t<div class=\"elementor-spacer-inner\"><\/div>\n\t\t<\/div>\n\t\t\t\t<\/div>\n\t\t\t\t<\/div>\n\t\t\t\t\t<\/div>\n\t\t\t\t<\/div>\n\t\t<div class=\"elementor-element elementor-element-b88a84f e-flex e-con-boxed e-con e-parent\" data-id=\"b88a84f\" data-element_type=\"container\">\n\t\t\t\t\t<div class=\"e-con-inner\">\n\t\t\t\t<div class=\"elementor-element elementor-element-8afb378 elementor-widget elementor-widget-text-editor\" data-id=\"8afb378\" data-element_type=\"widget\" data-widget_type=\"text-editor.default\">\n\t\t\t\t<div class=\"elementor-widget-container\">\n\t\t\t<style>\/*! elementor - v3.23.0 - 05-08-2024 *\/\n.elementor-widget-text-editor.elementor-drop-cap-view-stacked .elementor-drop-cap{background-color:#69727d;color:#fff}.elementor-widget-text-editor.elementor-drop-cap-view-framed .elementor-drop-cap{color:#69727d;border:3px solid;background-color:transparent}.elementor-widget-text-editor:not(.elementor-drop-cap-view-default) .elementor-drop-cap{margin-top:8px}.elementor-widget-text-editor:not(.elementor-drop-cap-view-default) .elementor-drop-cap-letter{width:1em;height:1em}.elementor-widget-text-editor .elementor-drop-cap{float:left;text-align:center;line-height:1;font-size:50px}.elementor-widget-text-editor .elementor-drop-cap-letter{display:inline-block}<\/style>\t\t\t\t<blockquote><p><strong>Twoje Prawo do Odszkodowania<\/strong><\/p><\/blockquote><p>Praca stanowi du\u017c\u0105 cz\u0119\u015b\u0107 naszego \u017cycia, a jak m\u00f3wi przys\u0142owie, &#8222;wypadki chodz\u0105 po ludziach.&#8221; Ka\u017cdy, kto ucierpia\u0142 w miejscu pracy, powinien wiedzie\u0107, \u017ce opr\u00f3cz jednorazowego odszkodowania z ZUS ma prawo do dodatkowego zado\u015b\u0107uczynienia i odszkodowania od pracodawcy \u2013 w praktyce od jego ubezpieczyciela.<\/p><blockquote><p><strong>Kiedy Wypadek Jest Kwalifikowany jako Wypadek Przy Pracy?<\/strong><\/p><\/blockquote><p>Nie wszyscy zdaj\u0105 sobie spraw\u0119, \u017ce wypadek przy pracy obejmuje nie tylko zdarzenia bezpo\u015brednio na stanowisku pracy, ale tak\u017ce:<\/p><p>\u2022 Wypadki w drodze do pracy<\/p><p>\u2022 Wypadki w drodze z pracy<\/p><p>\u2022 Zdarzenia podczas lub w zwi\u0105zku z wykonywaniem czynno\u015bci na rzecz pracodawcy, nawet bez wyra\u017anego polecenia<\/p><blockquote><p><strong> Co Mo\u017cemy Dla Ciebie Zrobi\u0107?<\/strong><\/p><\/blockquote><p>Zadbamy o pe\u0142ne nale\u017cne zado\u015b\u0107uczynienie oraz pokrycie koszt\u00f3w leczenia, opiek\u0119 os\u00f3b trzecich i koszty dojazd\u00f3w do plac\u00f3wek medycznych. Je\u015bli okoliczno\u015bci tego wymagaj\u0105, uzyskamy dla Ciebie r\u00f3wnie\u017c w\u0142a\u015bciw\u0105 rent\u0119. Dlaczego Warto Nam Zaufa\u0107?<\/p><p>\u2022<strong> Bez op\u0142at wst\u0119pnych<\/strong> \u2013 Nie ponosisz koszt\u00f3w pocz\u0105tkowych.<\/p><p>\u2022 <strong>Wsparcie do\u015bwiadczonych prawnik\u00f3w<\/strong> \u2013 Nasi specjali\u015bci uzyskaj\u0105 wszelkie nale\u017cne \u015bwiadczenia.<\/p><p>Nie musisz obawia\u0107 si\u0119 nara\u017cenia relacji z pracodawc\u0105. Wi\u0119kszo\u015b\u0107 przedsi\u0119biorc\u00f3w posiada polisy OC, co oznacza, \u017ce to Towarzystwo Ubezpieczeniowe dokona wszelkich wyp\u0142at zamiast pracodawcy. Skontaktuj si\u0119 z nami, aby pozna\u0107 swoje prawa i uzyska\u0107 nale\u017cne \u015bwiadczenia.<\/p>\t\t\t\t\t\t<\/div>\n\t\t\t\t<\/div>\n\t\t\t\t\t<\/div>\n\t\t\t\t<\/div>\n\t\t<div class=\"elementor-element elementor-element-046bc52 elementor-hidden-tablet elementor-hidden-mobile e-flex e-con-boxed e-con e-parent\" data-id=\"046bc52\" data-element_type=\"container\">\n\t\t\t\t\t<div class=\"e-con-inner\">\n\t\t\t\t<div class=\"elementor-element elementor-element-f7a0aa3 elementor-widget elementor-widget-heading\" data-id=\"f7a0aa3\" data-element_type=\"widget\" data-widget_type=\"heading.default\">\n\t\t\t\t<div class=\"elementor-widget-container\">\n\t\t\t<h2 class=\"elementor-heading-title elementor-size-default\">Wype\u0142nij formularz<\/h2>\t\t<\/div>\n\t\t\t\t<\/div>\n\t\t\t\t<div class=\"elementor-element elementor-element-a8473cb elementor-align-center elementor-widget elementor-widget-button\" data-id=\"a8473cb\" data-element_type=\"widget\" data-widget_type=\"button.default\">\n\t\t\t\t<div class=\"elementor-widget-container\">\n\t\t\t\t\t<div class=\"elementor-button-wrapper\">\n\t\t\t<a class=\"elementor-button elementor-button-link elementor-size-sm\" href=\"https:\/\/funduszodszkodowan.eu\/#1\">\n\t\t\t\t\t\t<span class=\"elementor-button-content-wrapper\">\n\t\t\t\t\t\t\t\t\t<span class=\"elementor-button-text\"><b>PRZEJD\u0179 DO FORMULARZA<\/span>\n\t\t\t\t\t<\/span>\n\t\t\t\t\t<\/a>\n\t\t<\/div>\n\t\t\t\t<\/div>\n\t\t\t\t<\/div>\n\t\t\t\t<div class=\"elementor-element elementor-element-2021caf elementor-widget elementor-widget-spacer\" data-id=\"2021caf\" data-element_type=\"widget\" data-widget_type=\"spacer.default\">\n\t\t\t\t<div class=\"elementor-widget-container\">\n\t\t\t\t\t<div class=\"elementor-spacer\">\n\t\t\t<div class=\"elementor-spacer-inner\"><\/div>\n\t\t<\/div>\n\t\t\t\t<\/div>\n\t\t\t\t<\/div>\n\t\t\t\t\t<\/div>\n\t\t\t\t<\/div>\n\t\t<div class=\"elementor-element elementor-element-7fbee74 elementor-hidden-desktop e-flex e-con-boxed e-con e-parent\" data-id=\"7fbee74\" data-element_type=\"container\">\n\t\t\t\t\t<div class=\"e-con-inner\">\n\t\t\t\t<div class=\"elementor-element elementor-element-fd5c22f elementor-widget elementor-widget-heading\" data-id=\"fd5c22f\" data-element_type=\"widget\" data-widget_type=\"heading.default\">\n\t\t\t\t<div class=\"elementor-widget-container\">\n\t\t\t<h3 class=\"elementor-heading-title elementor-size-default\">Wype\u0142nij formularz<\/h3>\t\t<\/div>\n\t\t\t\t<\/div>\n\t\t\t\t<div class=\"elementor-element elementor-element-486c059 elementor-align-center elementor-widget elementor-widget-button\" data-id=\"486c059\" data-element_type=\"widget\" data-widget_type=\"button.default\">\n\t\t\t\t<div class=\"elementor-widget-container\">\n\t\t\t\t\t<div class=\"elementor-button-wrapper\">\n\t\t\t<a class=\"elementor-button elementor-button-link elementor-size-sm\" href=\"https:\/\/funduszodszkodowan.eu\/#1\">\n\t\t\t\t\t\t<span class=\"elementor-button-content-wrapper\">\n\t\t\t\t\t\t\t\t\t<span class=\"elementor-button-text\">PRZEJD\u0179 DO FORMULARZA<\/span>\n\t\t\t\t\t<\/span>\n\t\t\t\t\t<\/a>\n\t\t<\/div>\n\t\t\t\t<\/div>\n\t\t\t\t<\/div>\n\t\t\t\t<div class=\"elementor-element elementor-element-b8b1461 elementor-widget elementor-widget-spacer\" data-id=\"b8b1461\" data-element_type=\"widget\" data-widget_type=\"spacer.default\">\n\t\t\t\t<div class=\"elementor-widget-container\">\n\t\t\t\t\t<div class=\"elementor-spacer\">\n\t\t\t<div class=\"elementor-spacer-inner\"><\/div>\n\t\t<\/div>\n\t\t\t\t<\/div>\n\t\t\t\t<\/div>\n\t\t\t\t\t<\/div>\n\t\t\t\t<\/div>\n\t\t\t\t<\/div>\n\t\t","protected":false},"excerpt":{"rendered":"<p>Wypadek przy pracy Twoje Prawo do Odszkodowania Praca stanowi du\u017c\u0105 cz\u0119\u015b\u0107 naszego \u017cycia, a jak m\u00f3wi przys\u0142owie, &#8222;wypadki chodz\u0105 po ludziach.&#8221; Ka\u017cdy, kto ucierpia\u0142 w miejscu pracy, powinien wiedzie\u0107, \u017ce opr\u00f3cz jednorazowego odszkodowania z ZUS ma prawo do dodatkowego zado\u015b\u0107uczynienia i odszkodowania od pracodawcy \u2013 w praktyce od jego ubezpieczyciela. Kiedy Wypadek Jest Kwalifikowany jako&#8230;<\/p>\n","protected":false},"author":1,"featured_media":0,"parent":0,"menu_order":0,"comment_status":"closed","ping_status":"closed","template":"","meta":{"_kadence_starter_templates_imported_post":false,"_kad_post_transparent":"","_kad_post_title":"hide","_kad_post_layout":"fullwidth","_kad_post_sidebar_id":"","_kad_post_content_style":"unboxed","_kad_post_vertical_padding":"hide","_kad_post_feature":"hide","_kad_post_feature_position":"","_kad_post_header":false,"_kad_post_footer":false,"footnotes":""},"class_list":["post-1605","page","type-page","status-publish","hentry"],"_links":{"self":[{"href":"https:\/\/funduszodszkodowan.eu\/index.php?rest_route=\/wp\/v2\/pages\/1605","targetHints":{"allow":["GET"]}}],"collection":[{"href":"https:\/\/funduszodszkodowan.eu\/index.php?rest_route=\/wp\/v2\/pages"}],"about":[{"href":"https:\/\/funduszodszkodowan.eu\/index.php?rest_route=\/wp\/v2\/types\/page"}],"author":[{"embeddable":true,"href":"https:\/\/funduszodszkodowan.eu\/index.php?rest_route=\/wp\/v2\/users\/1"}],"replies":[{"embeddable":true,"href":"https:\/\/funduszodszkodowan.eu\/index.php?rest_route=%2Fwp%2Fv2%2Fcomments&post=1605"}],"version-history":[{"count":16,"href":"https:\/\/funduszodszkodowan.eu\/index.php?rest_route=\/wp\/v2\/pages\/1605\/revisions"}],"predecessor-version":[{"id":1882,"href":"https:\/\/funduszodszkodowan.eu\/index.php?rest_route=\/wp\/v2\/pages\/1605\/revisions\/1882"}],"wp:attachment":[{"href":"https:\/\/funduszodszkodowan.eu\/index.php?rest_route=%2Fwp%2Fv2%2Fmedia&parent=1605"}],"curies":[{"name":"wp","href":"https:\/\/api.w.org\/{rel}","templated":true}]}}