{"id":1621,"date":"2025-02-02T00:09:24","date_gmt":"2025-02-01T23:09:24","guid":{"rendered":"https:\/\/funduszodszkodowan.eu\/?page_id=1621"},"modified":"2025-03-10T17:10:18","modified_gmt":"2025-03-10T16:10:18","slug":"smierc-osoby-bliskiej","status":"publish","type":"page","link":"https:\/\/funduszodszkodowan.eu\/?page_id=1621","title":{"rendered":"\u015amier\u0107 osoby bliskiej"},"content":{"rendered":"\t\t<div data-elementor-type=\"wp-page\" data-elementor-id=\"1621\" class=\"elementor elementor-1621\">\n\t\t\t\t<div class=\"elementor-element elementor-element-8da7451 e-flex e-con-boxed e-con e-parent\" data-id=\"8da7451\" data-element_type=\"container\" data-settings=\"{&quot;background_background&quot;:&quot;classic&quot;}\">\n\t\t\t\t\t<div class=\"e-con-inner\">\n\t\t\t\t<div class=\"elementor-element elementor-element-9623bb8 elementor-widget elementor-widget-spacer\" data-id=\"9623bb8\" data-element_type=\"widget\" data-widget_type=\"spacer.default\">\n\t\t\t\t<div class=\"elementor-widget-container\">\n\t\t\t<style>\/*! elementor - v3.23.0 - 05-08-2024 *\/\n.elementor-column .elementor-spacer-inner{height:var(--spacer-size)}.e-con{--container-widget-width:100%}.e-con-inner>.elementor-widget-spacer,.e-con>.elementor-widget-spacer{width:var(--container-widget-width,var(--spacer-size));--align-self:var(--container-widget-align-self,initial);--flex-shrink:0}.e-con-inner>.elementor-widget-spacer>.elementor-widget-container,.e-con>.elementor-widget-spacer>.elementor-widget-container{height:100%;width:100%}.e-con-inner>.elementor-widget-spacer>.elementor-widget-container>.elementor-spacer,.e-con>.elementor-widget-spacer>.elementor-widget-container>.elementor-spacer{height:100%}.e-con-inner>.elementor-widget-spacer>.elementor-widget-container>.elementor-spacer>.elementor-spacer-inner,.e-con>.elementor-widget-spacer>.elementor-widget-container>.elementor-spacer>.elementor-spacer-inner{height:var(--container-widget-height,var(--spacer-size))}.e-con-inner>.elementor-widget-spacer.elementor-widget-empty,.e-con>.elementor-widget-spacer.elementor-widget-empty{position:relative;min-height:22px;min-width:22px}.e-con-inner>.elementor-widget-spacer.elementor-widget-empty .elementor-widget-empty-icon,.e-con>.elementor-widget-spacer.elementor-widget-empty .elementor-widget-empty-icon{position:absolute;top:0;bottom:0;left:0;right:0;margin:auto;padding:0;width:22px;height:22px}<\/style>\t\t<div class=\"elementor-spacer\">\n\t\t\t<div class=\"elementor-spacer-inner\"><\/div>\n\t\t<\/div>\n\t\t\t\t<\/div>\n\t\t\t\t<\/div>\n\t\t\t\t<div class=\"elementor-element elementor-element-42e51a0 elementor-widget elementor-widget-heading\" data-id=\"42e51a0\" data-element_type=\"widget\" data-widget_type=\"heading.default\">\n\t\t\t\t<div class=\"elementor-widget-container\">\n\t\t\t<style>\/*! elementor - v3.23.0 - 05-08-2024 *\/\n.elementor-heading-title{padding:0;margin:0;line-height:1}.elementor-widget-heading .elementor-heading-title[class*=elementor-size-]>a{color:inherit;font-size:inherit;line-height:inherit}.elementor-widget-heading .elementor-heading-title.elementor-size-small{font-size:15px}.elementor-widget-heading .elementor-heading-title.elementor-size-medium{font-size:19px}.elementor-widget-heading .elementor-heading-title.elementor-size-large{font-size:29px}.elementor-widget-heading .elementor-heading-title.elementor-size-xl{font-size:39px}.elementor-widget-heading .elementor-heading-title.elementor-size-xxl{font-size:59px}<\/style><h2 class=\"elementor-heading-title elementor-size-default\">\u015amier\u0107 osoby bliskiej<\/h2>\t\t<\/div>\n\t\t\t\t<\/div>\n\t\t\t\t<div class=\"elementor-element elementor-element-44a2761 elementor-widget elementor-widget-spacer\" data-id=\"44a2761\" data-element_type=\"widget\" data-widget_type=\"spacer.default\">\n\t\t\t\t<div class=\"elementor-widget-container\">\n\t\t\t\t\t<div class=\"elementor-spacer\">\n\t\t\t<div class=\"elementor-spacer-inner\"><\/div>\n\t\t<\/div>\n\t\t\t\t<\/div>\n\t\t\t\t<\/div>\n\t\t\t\t\t<\/div>\n\t\t\t\t<\/div>\n\t\t<div class=\"elementor-element elementor-element-c5c1589 e-flex e-con-boxed e-con e-parent\" data-id=\"c5c1589\" data-element_type=\"container\">\n\t\t\t\t\t<div class=\"e-con-inner\">\n\t\t\t\t<div class=\"elementor-element elementor-element-b7e8613 elementor-widget elementor-widget-text-editor\" data-id=\"b7e8613\" data-element_type=\"widget\" data-widget_type=\"text-editor.default\">\n\t\t\t\t<div class=\"elementor-widget-container\">\n\t\t\t<style>\/*! elementor - v3.23.0 - 05-08-2024 *\/\n.elementor-widget-text-editor.elementor-drop-cap-view-stacked .elementor-drop-cap{background-color:#69727d;color:#fff}.elementor-widget-text-editor.elementor-drop-cap-view-framed .elementor-drop-cap{color:#69727d;border:3px solid;background-color:transparent}.elementor-widget-text-editor:not(.elementor-drop-cap-view-default) .elementor-drop-cap{margin-top:8px}.elementor-widget-text-editor:not(.elementor-drop-cap-view-default) .elementor-drop-cap-letter{width:1em;height:1em}.elementor-widget-text-editor .elementor-drop-cap{float:left;text-align:center;line-height:1;font-size:50px}.elementor-widget-text-editor .elementor-drop-cap-letter{display:inline-block}<\/style>\t\t\t\t<p><strong>Utrata ukochanej osoby to niew\u0105tpliwie jeden z najbole\u015bniejszych moment\u00f3w w \u017cyciu. Gdy tragedia przychodzi niespodziewanie, trudno skupi\u0107 si\u0119 na kwestiach finansowych czy przysz\u0142ych zobowi\u0105zaniach. Jednak zadbanie o stabilno\u015b\u0107 finansow\u0105 rodziny, dzieci oraz w\u0142asne bezpiecze\u0144stwo jest niezwykle wa\u017cne.<\/strong><\/p><blockquote><p><strong>Profesjonalne Wsparcie Bez Op\u0142at Wst\u0119pnych<\/strong><\/p><\/blockquote><p>W tych trudnych chwilach oferujemy kompleksow\u0105 pomoc prawn\u0105 bez \u017cadnych op\u0142at pocz\u0105tkowych. Nasz zesp\u00f3\u0142 prawnik\u00f3w zajmie si\u0119 ca\u0142\u0105 procedur\u0105, aby\u015b Ty i Twoja rodzina mogli otrzyma\u0107 nale\u017cne \u015bwiadczenia:<\/p><p>\u2022 <strong>Pe\u0142ne zado\u015b\u0107uczynienie finansowe<\/strong> za poniesione straty emocjonalne<\/p><p>\u2022 <strong>Analiza mo\u017cliwo\u015bci uzyskania renty<\/strong> z tytu\u0142u pogorszenia sytuacji \u017cyciowej<\/p><p>\u2022 <strong>Zwrot koszt\u00f3w pogrzebu<\/strong> oraz innych wydatk\u00f3w zwi\u0105zanych z tragicznym wydarzeniem<\/p><p>\u2022 <strong>Natychmiastowa zaliczka<\/strong> na poczet przysz\u0142ych \u015bwiadcze\u0144, je\u015bli znajdujesz si\u0119 w trudnej sytuacji finansowej<\/p><blockquote><p><strong> Twoje Prawa Nawet Po Latach<\/strong><\/p><\/blockquote><p>Wielu ludzi nie zdaje sobie sprawy, \u017ce mo\u017cna ubiega\u0107 si\u0119 o zado\u015b\u0107uczynienie nawet do 20 lat po stracie bliskiej osoby. Je\u015bli wcze\u015bniej wyp\u0142acone \u015bwiadczenia by\u0142y zani\u017cone, mamy mo\u017cliwo\u015b\u0107 uzyskania dodatkowych pieni\u0119dzy.<\/p><blockquote><p><strong>Dlaczego Warto Zaufa\u0107 Nam? <\/strong><\/p><\/blockquote><p>Polskie s\u0105dy coraz cz\u0119\u015bciej przyznaj\u0105 wysokie odszkodowania dla rodzin dotkni\u0119tych tragicznymi zdarzeniami. Niestety, Towarzystwa Ubezpieczeniowe cz\u0119sto celowo zani\u017caj\u0105 kwoty wyp\u0142at. Nasi prawnicy maj\u0105 wieloletnie do\u015bwiadczenie w skutecznym dochodzeniu pe\u0142nych \u015bwiadcze\u0144, zapewniaj\u0105c naszym Klientom nale\u017cyte wsparcie prawne i finansowe.<\/p><p>Nie musisz samodzielnie walczy\u0107 o sprawiedliwo\u015b\u0107 \u2013 z nami masz gwarancj\u0119 rzetelnej pomocy prawnej oraz finansowej. Skontaktuj si\u0119 z nami, aby dowiedzie\u0107 si\u0119, jakie przys\u0142uguj\u0105 Ci prawa i \u015bwiadczenia. Postaw na specjalist\u00f3w, kt\u00f3rzy w pe\u0142ni zatroszcz\u0105 si\u0119 o Twoje interesy.<\/p>\t\t\t\t\t\t<\/div>\n\t\t\t\t<\/div>\n\t\t\t\t\t<\/div>\n\t\t\t\t<\/div>\n\t\t<div class=\"elementor-element elementor-element-833068e elementor-hidden-tablet elementor-hidden-mobile e-flex e-con-boxed e-con e-parent\" data-id=\"833068e\" data-element_type=\"container\">\n\t\t\t\t\t<div class=\"e-con-inner\">\n\t\t\t\t<div class=\"elementor-element elementor-element-4278a6c elementor-widget elementor-widget-heading\" data-id=\"4278a6c\" data-element_type=\"widget\" data-widget_type=\"heading.default\">\n\t\t\t\t<div class=\"elementor-widget-container\">\n\t\t\t<h2 class=\"elementor-heading-title elementor-size-default\">Wype\u0142nij formularz<\/h2>\t\t<\/div>\n\t\t\t\t<\/div>\n\t\t\t\t<div class=\"elementor-element elementor-element-3734a5a elementor-align-center elementor-widget elementor-widget-button\" data-id=\"3734a5a\" data-element_type=\"widget\" data-widget_type=\"button.default\">\n\t\t\t\t<div class=\"elementor-widget-container\">\n\t\t\t\t\t<div class=\"elementor-button-wrapper\">\n\t\t\t<a class=\"elementor-button elementor-button-link elementor-size-sm\" href=\"https:\/\/funduszodszkodowan.eu\/#1\">\n\t\t\t\t\t\t<span class=\"elementor-button-content-wrapper\">\n\t\t\t\t\t\t\t\t\t<span class=\"elementor-button-text\"><b>PRZEJD\u0179 DO FORMULARZA<\/span>\n\t\t\t\t\t<\/span>\n\t\t\t\t\t<\/a>\n\t\t<\/div>\n\t\t\t\t<\/div>\n\t\t\t\t<\/div>\n\t\t\t\t<div class=\"elementor-element elementor-element-a2bf35a elementor-widget elementor-widget-spacer\" data-id=\"a2bf35a\" data-element_type=\"widget\" data-widget_type=\"spacer.default\">\n\t\t\t\t<div class=\"elementor-widget-container\">\n\t\t\t\t\t<div class=\"elementor-spacer\">\n\t\t\t<div class=\"elementor-spacer-inner\"><\/div>\n\t\t<\/div>\n\t\t\t\t<\/div>\n\t\t\t\t<\/div>\n\t\t\t\t\t<\/div>\n\t\t\t\t<\/div>\n\t\t<div class=\"elementor-element elementor-element-591992a elementor-hidden-desktop e-flex e-con-boxed e-con e-parent\" data-id=\"591992a\" data-element_type=\"container\">\n\t\t\t\t\t<div class=\"e-con-inner\">\n\t\t\t\t<div class=\"elementor-element elementor-element-dbc4f0b elementor-widget elementor-widget-heading\" data-id=\"dbc4f0b\" data-element_type=\"widget\" data-widget_type=\"heading.default\">\n\t\t\t\t<div class=\"elementor-widget-container\">\n\t\t\t<h3 class=\"elementor-heading-title elementor-size-default\">Wype\u0142nij formularz<\/h3>\t\t<\/div>\n\t\t\t\t<\/div>\n\t\t\t\t<div class=\"elementor-element elementor-element-c419a28 elementor-align-center elementor-widget elementor-widget-button\" data-id=\"c419a28\" data-element_type=\"widget\" data-widget_type=\"button.default\">\n\t\t\t\t<div class=\"elementor-widget-container\">\n\t\t\t\t\t<div class=\"elementor-button-wrapper\">\n\t\t\t<a class=\"elementor-button elementor-button-link elementor-size-sm\" href=\"https:\/\/funduszodszkodowan.eu\/#1\">\n\t\t\t\t\t\t<span class=\"elementor-button-content-wrapper\">\n\t\t\t\t\t\t\t\t\t<span class=\"elementor-button-text\">PRZEJD\u0179 DO FORMULARZA<\/span>\n\t\t\t\t\t<\/span>\n\t\t\t\t\t<\/a>\n\t\t<\/div>\n\t\t\t\t<\/div>\n\t\t\t\t<\/div>\n\t\t\t\t<div class=\"elementor-element elementor-element-67318cf elementor-widget elementor-widget-spacer\" data-id=\"67318cf\" data-element_type=\"widget\" data-widget_type=\"spacer.default\">\n\t\t\t\t<div class=\"elementor-widget-container\">\n\t\t\t\t\t<div class=\"elementor-spacer\">\n\t\t\t<div class=\"elementor-spacer-inner\"><\/div>\n\t\t<\/div>\n\t\t\t\t<\/div>\n\t\t\t\t<\/div>\n\t\t\t\t\t<\/div>\n\t\t\t\t<\/div>\n\t\t\t\t<\/div>\n\t\t","protected":false},"excerpt":{"rendered":"<p>\u015amier\u0107 osoby bliskiej Utrata ukochanej osoby to niew\u0105tpliwie jeden z najbole\u015bniejszych moment\u00f3w w \u017cyciu. Gdy tragedia przychodzi niespodziewanie, trudno skupi\u0107 si\u0119 na kwestiach finansowych czy przysz\u0142ych zobowi\u0105zaniach. Jednak zadbanie o stabilno\u015b\u0107 finansow\u0105 rodziny, dzieci oraz w\u0142asne bezpiecze\u0144stwo jest niezwykle wa\u017cne. Profesjonalne Wsparcie Bez Op\u0142at Wst\u0119pnych W tych trudnych chwilach oferujemy kompleksow\u0105 pomoc prawn\u0105 bez \u017cadnych&#8230;<\/p>\n","protected":false},"author":1,"featured_media":0,"parent":0,"menu_order":0,"comment_status":"closed","ping_status":"closed","template":"","meta":{"_kadence_starter_templates_imported_post":false,"_kad_post_transparent":"","_kad_post_title":"hide","_kad_post_layout":"fullwidth","_kad_post_sidebar_id":"","_kad_post_content_style":"unboxed","_kad_post_vertical_padding":"hide","_kad_post_feature":"hide","_kad_post_feature_position":"","_kad_post_header":false,"_kad_post_footer":false,"footnotes":""},"class_list":["post-1621","page","type-page","status-publish","hentry"],"_links":{"self":[{"href":"https:\/\/funduszodszkodowan.eu\/index.php?rest_route=\/wp\/v2\/pages\/1621","targetHints":{"allow":["GET"]}}],"collection":[{"href":"https:\/\/funduszodszkodowan.eu\/index.php?rest_route=\/wp\/v2\/pages"}],"about":[{"href":"https:\/\/funduszodszkodowan.eu\/index.php?rest_route=\/wp\/v2\/types\/page"}],"author":[{"embeddable":true,"href":"https:\/\/funduszodszkodowan.eu\/index.php?rest_route=\/wp\/v2\/users\/1"}],"replies":[{"embeddable":true,"href":"https:\/\/funduszodszkodowan.eu\/index.php?rest_route=%2Fwp%2Fv2%2Fcomments&post=1621"}],"version-history":[{"count":22,"href":"https:\/\/funduszodszkodowan.eu\/index.php?rest_route=\/wp\/v2\/pages\/1621\/revisions"}],"predecessor-version":[{"id":1876,"href":"https:\/\/funduszodszkodowan.eu\/index.php?rest_route=\/wp\/v2\/pages\/1621\/revisions\/1876"}],"wp:attachment":[{"href":"https:\/\/funduszodszkodowan.eu\/index.php?rest_route=%2Fwp%2Fv2%2Fmedia&parent=1621"}],"curies":[{"name":"wp","href":"https:\/\/api.w.org\/{rel}","templated":true}]}}