{"id":1634,"date":"2025-02-02T00:19:58","date_gmt":"2025-02-01T23:19:58","guid":{"rendered":"https:\/\/funduszodszkodowan.eu\/?page_id=1634"},"modified":"2025-03-10T17:09:59","modified_gmt":"2025-03-10T16:09:59","slug":"szkoda-komunikacyjna","status":"publish","type":"page","link":"https:\/\/funduszodszkodowan.eu\/?page_id=1634","title":{"rendered":"Szkoda komunikacyjna"},"content":{"rendered":"\t\t<div data-elementor-type=\"wp-page\" data-elementor-id=\"1634\" class=\"elementor elementor-1634\">\n\t\t\t\t<div class=\"elementor-element elementor-element-dd8dc17 e-flex e-con-boxed e-con e-parent\" data-id=\"dd8dc17\" data-element_type=\"container\" data-settings=\"{&quot;background_background&quot;:&quot;classic&quot;}\">\n\t\t\t\t\t<div class=\"e-con-inner\">\n\t\t\t\t<div class=\"elementor-element elementor-element-0b1b0d3 elementor-widget elementor-widget-spacer\" data-id=\"0b1b0d3\" data-element_type=\"widget\" data-widget_type=\"spacer.default\">\n\t\t\t\t<div class=\"elementor-widget-container\">\n\t\t\t<style>\/*! elementor - v3.23.0 - 05-08-2024 *\/\n.elementor-column .elementor-spacer-inner{height:var(--spacer-size)}.e-con{--container-widget-width:100%}.e-con-inner>.elementor-widget-spacer,.e-con>.elementor-widget-spacer{width:var(--container-widget-width,var(--spacer-size));--align-self:var(--container-widget-align-self,initial);--flex-shrink:0}.e-con-inner>.elementor-widget-spacer>.elementor-widget-container,.e-con>.elementor-widget-spacer>.elementor-widget-container{height:100%;width:100%}.e-con-inner>.elementor-widget-spacer>.elementor-widget-container>.elementor-spacer,.e-con>.elementor-widget-spacer>.elementor-widget-container>.elementor-spacer{height:100%}.e-con-inner>.elementor-widget-spacer>.elementor-widget-container>.elementor-spacer>.elementor-spacer-inner,.e-con>.elementor-widget-spacer>.elementor-widget-container>.elementor-spacer>.elementor-spacer-inner{height:var(--container-widget-height,var(--spacer-size))}.e-con-inner>.elementor-widget-spacer.elementor-widget-empty,.e-con>.elementor-widget-spacer.elementor-widget-empty{position:relative;min-height:22px;min-width:22px}.e-con-inner>.elementor-widget-spacer.elementor-widget-empty .elementor-widget-empty-icon,.e-con>.elementor-widget-spacer.elementor-widget-empty .elementor-widget-empty-icon{position:absolute;top:0;bottom:0;left:0;right:0;margin:auto;padding:0;width:22px;height:22px}<\/style>\t\t<div class=\"elementor-spacer\">\n\t\t\t<div class=\"elementor-spacer-inner\"><\/div>\n\t\t<\/div>\n\t\t\t\t<\/div>\n\t\t\t\t<\/div>\n\t\t\t\t<div class=\"elementor-element elementor-element-8cdcfcc elementor-widget elementor-widget-heading\" data-id=\"8cdcfcc\" data-element_type=\"widget\" data-widget_type=\"heading.default\">\n\t\t\t\t<div class=\"elementor-widget-container\">\n\t\t\t<style>\/*! elementor - v3.23.0 - 05-08-2024 *\/\n.elementor-heading-title{padding:0;margin:0;line-height:1}.elementor-widget-heading .elementor-heading-title[class*=elementor-size-]>a{color:inherit;font-size:inherit;line-height:inherit}.elementor-widget-heading .elementor-heading-title.elementor-size-small{font-size:15px}.elementor-widget-heading .elementor-heading-title.elementor-size-medium{font-size:19px}.elementor-widget-heading .elementor-heading-title.elementor-size-large{font-size:29px}.elementor-widget-heading .elementor-heading-title.elementor-size-xl{font-size:39px}.elementor-widget-heading .elementor-heading-title.elementor-size-xxl{font-size:59px}<\/style><h2 class=\"elementor-heading-title elementor-size-default\">Szkoda komunikacyjna<\/h2>\t\t<\/div>\n\t\t\t\t<\/div>\n\t\t\t\t<div class=\"elementor-element elementor-element-e96843d elementor-widget elementor-widget-spacer\" data-id=\"e96843d\" data-element_type=\"widget\" data-widget_type=\"spacer.default\">\n\t\t\t\t<div class=\"elementor-widget-container\">\n\t\t\t\t\t<div class=\"elementor-spacer\">\n\t\t\t<div class=\"elementor-spacer-inner\"><\/div>\n\t\t<\/div>\n\t\t\t\t<\/div>\n\t\t\t\t<\/div>\n\t\t\t\t\t<\/div>\n\t\t\t\t<\/div>\n\t\t<div class=\"elementor-element elementor-element-2ae1d7c e-flex e-con-boxed e-con e-parent\" data-id=\"2ae1d7c\" data-element_type=\"container\">\n\t\t\t\t\t<div class=\"e-con-inner\">\n\t\t\t\t<div class=\"elementor-element elementor-element-b83b378 elementor-widget elementor-widget-text-editor\" data-id=\"b83b378\" data-element_type=\"widget\" data-widget_type=\"text-editor.default\">\n\t\t\t\t<div class=\"elementor-widget-container\">\n\t\t\t<style>\/*! elementor - v3.23.0 - 05-08-2024 *\/\n.elementor-widget-text-editor.elementor-drop-cap-view-stacked .elementor-drop-cap{background-color:#69727d;color:#fff}.elementor-widget-text-editor.elementor-drop-cap-view-framed .elementor-drop-cap{color:#69727d;border:3px solid;background-color:transparent}.elementor-widget-text-editor:not(.elementor-drop-cap-view-default) .elementor-drop-cap{margin-top:8px}.elementor-widget-text-editor:not(.elementor-drop-cap-view-default) .elementor-drop-cap-letter{width:1em;height:1em}.elementor-widget-text-editor .elementor-drop-cap{float:left;text-align:center;line-height:1;font-size:50px}.elementor-widget-text-editor .elementor-drop-cap-letter{display:inline-block}<\/style>\t\t\t\t<h3>Szkoda komunikacyjna &#8211; Odszkodowanie<\/h3><p><strong>Ka\u017cdego dnia na polskich drogach dochodzi do licznych incydent\u00f3w, od drobnych kolizji po powa\u017cne wypadki z wieloma uczestnikami.<\/strong> Wiele os\u00f3b zetkn\u0119\u0142o si\u0119 z sytuacjami, w kt\u00f3rych poszkodowani napotykali trudno\u015bci w uzyskaniu sprawiedliwego odszkodowania od Towarzystw Ubezpieczeniowych. Problemy te obejmuj\u0105 zani\u017cone \u015bwiadczenia, odmowy wyp\u0142aty, czy niedoszacowane koszty leczenia i naprawy mienia. Na szcz\u0119\u015bcie mamy skuteczne rozwi\u0105zania, aby temu zaradzi\u0107.<\/p><p>Je\u015bli zosta\u0142e\u015b poszkodowany w zdarzeniu drogowym, niezale\u017cnie od tego, czy by\u0142e\u015b:<br \/><strong>\u2022 Kierowc\u0105<br \/><\/strong><strong>\u2022 Pasa\u017cerem<br \/><\/strong><strong>\u2022 Pieszym<br \/><\/strong><strong>\u2022 Rowerzyst\u0105<br \/><\/strong><strong>\u2022 Motocyklist\u0105<\/strong><\/p><p><strong>Skontaktuj si\u0119 z nami, aby odzyska\u0107 nale\u017cne Ci \u015bwiadczenia, odszkodowanie lub rent\u0119.<\/strong><\/p><p>Nawet je\u015bli ju\u017c otrzyma\u0142e\u015b odszkodowanie, mog\u0142a zosta\u0107 wyp\u0142acona zbyt niska kwota. Masz prawo domaga\u0107 si\u0119 pe\u0142nej rekompensaty nawet do 20 lat wstecz! <strong>Nasi prawnicy bezp\u0142atnie przeanalizuj\u0105 Twoj\u0105 spraw\u0119 i sprawdz\u0105, czy otrzymane \u015bwiadczenia odzwierciedlaj\u0105 rzeczywiste rozmiary szkody.<\/strong> Je\u015bli zdecydujesz si\u0119 na wsp\u00f3\u0142prac\u0119 z nami, pokryjemy wszelkie koszty procesu bez op\u0142at pocz\u0105tkowych i poprowadzimy spraw\u0119 z pe\u0142nym zaanga\u017cowaniem, a\u017c do uzyskania prawomocnego wyroku.<\/p><p>Oferujemy kompleksowe wsparcie prawne i zast\u0119pstwo procesowe do\u015bwiadczonego adwokata lub radcy prawnego na ka\u017cdym etapie post\u0119powania. Wystarczy, \u017ce dasz sobie szans\u0119, kontaktuj\u0105c si\u0119 z nami.<\/p><p>Zapewnimy nale\u017cne \u015bwiadczenia finansowe nawet w przypadku, gdy sprawca zdarzenia zbieg\u0142 lub nie posiada\u0142 wa\u017cnej polisy OC.<\/p><p>Je\u015bli ponios\u0142e\u015b szkod\u0119 komunikacyjn\u0105 lub inn\u0105 strat\u0119 w swoim maj\u0105tku i nie chcesz anga\u017cowa\u0107 si\u0119 w d\u0142ugotrwa\u0142e spory s\u0105dowe, mo\u017cemy odkupi\u0107 Twoje roszczenie, oferuj\u0105c uczciw\u0105 i wysok\u0105 kwot\u0119. Pieniadze otrzymasz natychmiast, a nasza oferta jest zawsze przejrzysta.<\/p><p><strong>Skorzystaj ze wsparcia Wsp\u00f3lnotowego Funduszu Odszkodowa\u0144 i daj sobie szans\u0119 na odzyskanie tego, co Ci si\u0119 prawnie nale\u017cy.<\/strong><\/p>\t\t\t\t\t\t<\/div>\n\t\t\t\t<\/div>\n\t\t\t\t\t<\/div>\n\t\t\t\t<\/div>\n\t\t<div class=\"elementor-element elementor-element-8383f73 elementor-hidden-tablet elementor-hidden-mobile e-flex e-con-boxed e-con e-parent\" data-id=\"8383f73\" data-element_type=\"container\">\n\t\t\t\t\t<div class=\"e-con-inner\">\n\t\t\t\t<div class=\"elementor-element elementor-element-28c0922 elementor-widget elementor-widget-heading\" data-id=\"28c0922\" data-element_type=\"widget\" data-widget_type=\"heading.default\">\n\t\t\t\t<div class=\"elementor-widget-container\">\n\t\t\t<h2 class=\"elementor-heading-title elementor-size-default\">Wype\u0142nij formularz<\/h2>\t\t<\/div>\n\t\t\t\t<\/div>\n\t\t\t\t<div class=\"elementor-element elementor-element-387d332 elementor-align-center elementor-widget elementor-widget-button\" data-id=\"387d332\" data-element_type=\"widget\" data-widget_type=\"button.default\">\n\t\t\t\t<div class=\"elementor-widget-container\">\n\t\t\t\t\t<div class=\"elementor-button-wrapper\">\n\t\t\t<a class=\"elementor-button elementor-button-link elementor-size-sm\" href=\"https:\/\/funduszodszkodowan.eu\/#1\">\n\t\t\t\t\t\t<span class=\"elementor-button-content-wrapper\">\n\t\t\t\t\t\t\t\t\t<span class=\"elementor-button-text\"><b>PRZEJD\u0179 DO FORMULARZA<\/span>\n\t\t\t\t\t<\/span>\n\t\t\t\t\t<\/a>\n\t\t<\/div>\n\t\t\t\t<\/div>\n\t\t\t\t<\/div>\n\t\t\t\t<div class=\"elementor-element elementor-element-da87459 elementor-widget elementor-widget-spacer\" data-id=\"da87459\" data-element_type=\"widget\" data-widget_type=\"spacer.default\">\n\t\t\t\t<div class=\"elementor-widget-container\">\n\t\t\t\t\t<div class=\"elementor-spacer\">\n\t\t\t<div class=\"elementor-spacer-inner\"><\/div>\n\t\t<\/div>\n\t\t\t\t<\/div>\n\t\t\t\t<\/div>\n\t\t\t\t\t<\/div>\n\t\t\t\t<\/div>\n\t\t<div class=\"elementor-element elementor-element-6b5dd62 elementor-hidden-desktop e-flex e-con-boxed e-con e-parent\" data-id=\"6b5dd62\" data-element_type=\"container\">\n\t\t\t\t\t<div class=\"e-con-inner\">\n\t\t\t\t<div class=\"elementor-element elementor-element-6749232 elementor-widget elementor-widget-heading\" data-id=\"6749232\" data-element_type=\"widget\" data-widget_type=\"heading.default\">\n\t\t\t\t<div class=\"elementor-widget-container\">\n\t\t\t<h3 class=\"elementor-heading-title elementor-size-default\">Wype\u0142nij formularz<\/h3>\t\t<\/div>\n\t\t\t\t<\/div>\n\t\t\t\t<div class=\"elementor-element elementor-element-f19e05f elementor-align-center elementor-widget elementor-widget-button\" data-id=\"f19e05f\" data-element_type=\"widget\" data-widget_type=\"button.default\">\n\t\t\t\t<div class=\"elementor-widget-container\">\n\t\t\t\t\t<div class=\"elementor-button-wrapper\">\n\t\t\t<a class=\"elementor-button elementor-button-link elementor-size-sm\" href=\"https:\/\/funduszodszkodowan.eu\/#1\">\n\t\t\t\t\t\t<span class=\"elementor-button-content-wrapper\">\n\t\t\t\t\t\t\t\t\t<span class=\"elementor-button-text\">PRZEJD\u0179 DO FORMULARZA<\/span>\n\t\t\t\t\t<\/span>\n\t\t\t\t\t<\/a>\n\t\t<\/div>\n\t\t\t\t<\/div>\n\t\t\t\t<\/div>\n\t\t\t\t<div class=\"elementor-element elementor-element-0c85133 elementor-widget elementor-widget-spacer\" data-id=\"0c85133\" data-element_type=\"widget\" data-widget_type=\"spacer.default\">\n\t\t\t\t<div class=\"elementor-widget-container\">\n\t\t\t\t\t<div class=\"elementor-spacer\">\n\t\t\t<div class=\"elementor-spacer-inner\"><\/div>\n\t\t<\/div>\n\t\t\t\t<\/div>\n\t\t\t\t<\/div>\n\t\t\t\t\t<\/div>\n\t\t\t\t<\/div>\n\t\t\t\t<\/div>\n\t\t","protected":false},"excerpt":{"rendered":"<p>Szkoda komunikacyjna Szkoda komunikacyjna &#8211; Odszkodowanie Ka\u017cdego dnia na polskich drogach dochodzi do licznych incydent\u00f3w, od drobnych kolizji po powa\u017cne wypadki z wieloma uczestnikami. Wiele os\u00f3b zetkn\u0119\u0142o si\u0119 z sytuacjami, w kt\u00f3rych poszkodowani napotykali trudno\u015bci w uzyskaniu sprawiedliwego odszkodowania od Towarzystw Ubezpieczeniowych. Problemy te obejmuj\u0105 zani\u017cone \u015bwiadczenia, odmowy wyp\u0142aty, czy niedoszacowane koszty leczenia i naprawy&#8230;<\/p>\n","protected":false},"author":1,"featured_media":0,"parent":0,"menu_order":0,"comment_status":"closed","ping_status":"closed","template":"","meta":{"_kadence_starter_templates_imported_post":false,"_kad_post_transparent":"","_kad_post_title":"hide","_kad_post_layout":"fullwidth","_kad_post_sidebar_id":"","_kad_post_content_style":"unboxed","_kad_post_vertical_padding":"hide","_kad_post_feature":"hide","_kad_post_feature_position":"","_kad_post_header":false,"_kad_post_footer":false,"footnotes":""},"class_list":["post-1634","page","type-page","status-publish","hentry"],"_links":{"self":[{"href":"https:\/\/funduszodszkodowan.eu\/index.php?rest_route=\/wp\/v2\/pages\/1634","targetHints":{"allow":["GET"]}}],"collection":[{"href":"https:\/\/funduszodszkodowan.eu\/index.php?rest_route=\/wp\/v2\/pages"}],"about":[{"href":"https:\/\/funduszodszkodowan.eu\/index.php?rest_route=\/wp\/v2\/types\/page"}],"author":[{"embeddable":true,"href":"https:\/\/funduszodszkodowan.eu\/index.php?rest_route=\/wp\/v2\/users\/1"}],"replies":[{"embeddable":true,"href":"https:\/\/funduszodszkodowan.eu\/index.php?rest_route=%2Fwp%2Fv2%2Fcomments&post=1634"}],"version-history":[{"count":25,"href":"https:\/\/funduszodszkodowan.eu\/index.php?rest_route=\/wp\/v2\/pages\/1634\/revisions"}],"predecessor-version":[{"id":1873,"href":"https:\/\/funduszodszkodowan.eu\/index.php?rest_route=\/wp\/v2\/pages\/1634\/revisions\/1873"}],"wp:attachment":[{"href":"https:\/\/funduszodszkodowan.eu\/index.php?rest_route=%2Fwp%2Fv2%2Fmedia&parent=1634"}],"curies":[{"name":"wp","href":"https:\/\/api.w.org\/{rel}","templated":true}]}}