{"id":1654,"date":"2025-02-02T13:53:09","date_gmt":"2025-02-02T12:53:09","guid":{"rendered":"https:\/\/funduszodszkodowan.eu\/?page_id=1654"},"modified":"2025-03-10T17:09:12","modified_gmt":"2025-03-10T16:09:12","slug":"wypadki-w-rolnictwie","status":"publish","type":"page","link":"https:\/\/funduszodszkodowan.eu\/?page_id=1654","title":{"rendered":"Wypadki w rolnictwie"},"content":{"rendered":"\t\t<div data-elementor-type=\"wp-page\" data-elementor-id=\"1654\" class=\"elementor elementor-1654\">\n\t\t\t\t<div class=\"elementor-element elementor-element-2e7fe66 e-flex e-con-boxed e-con e-parent\" data-id=\"2e7fe66\" data-element_type=\"container\" data-settings=\"{&quot;background_background&quot;:&quot;classic&quot;}\">\n\t\t\t\t\t<div class=\"e-con-inner\">\n\t\t\t\t<div class=\"elementor-element elementor-element-cb453fa elementor-widget elementor-widget-spacer\" data-id=\"cb453fa\" data-element_type=\"widget\" data-widget_type=\"spacer.default\">\n\t\t\t\t<div class=\"elementor-widget-container\">\n\t\t\t<style>\/*! elementor - v3.23.0 - 05-08-2024 *\/\n.elementor-column .elementor-spacer-inner{height:var(--spacer-size)}.e-con{--container-widget-width:100%}.e-con-inner>.elementor-widget-spacer,.e-con>.elementor-widget-spacer{width:var(--container-widget-width,var(--spacer-size));--align-self:var(--container-widget-align-self,initial);--flex-shrink:0}.e-con-inner>.elementor-widget-spacer>.elementor-widget-container,.e-con>.elementor-widget-spacer>.elementor-widget-container{height:100%;width:100%}.e-con-inner>.elementor-widget-spacer>.elementor-widget-container>.elementor-spacer,.e-con>.elementor-widget-spacer>.elementor-widget-container>.elementor-spacer{height:100%}.e-con-inner>.elementor-widget-spacer>.elementor-widget-container>.elementor-spacer>.elementor-spacer-inner,.e-con>.elementor-widget-spacer>.elementor-widget-container>.elementor-spacer>.elementor-spacer-inner{height:var(--container-widget-height,var(--spacer-size))}.e-con-inner>.elementor-widget-spacer.elementor-widget-empty,.e-con>.elementor-widget-spacer.elementor-widget-empty{position:relative;min-height:22px;min-width:22px}.e-con-inner>.elementor-widget-spacer.elementor-widget-empty .elementor-widget-empty-icon,.e-con>.elementor-widget-spacer.elementor-widget-empty .elementor-widget-empty-icon{position:absolute;top:0;bottom:0;left:0;right:0;margin:auto;padding:0;width:22px;height:22px}<\/style>\t\t<div class=\"elementor-spacer\">\n\t\t\t<div class=\"elementor-spacer-inner\"><\/div>\n\t\t<\/div>\n\t\t\t\t<\/div>\n\t\t\t\t<\/div>\n\t\t\t\t<div class=\"elementor-element elementor-element-785a014 elementor-widget elementor-widget-heading\" data-id=\"785a014\" data-element_type=\"widget\" data-widget_type=\"heading.default\">\n\t\t\t\t<div class=\"elementor-widget-container\">\n\t\t\t<style>\/*! elementor - v3.23.0 - 05-08-2024 *\/\n.elementor-heading-title{padding:0;margin:0;line-height:1}.elementor-widget-heading .elementor-heading-title[class*=elementor-size-]>a{color:inherit;font-size:inherit;line-height:inherit}.elementor-widget-heading .elementor-heading-title.elementor-size-small{font-size:15px}.elementor-widget-heading .elementor-heading-title.elementor-size-medium{font-size:19px}.elementor-widget-heading .elementor-heading-title.elementor-size-large{font-size:29px}.elementor-widget-heading .elementor-heading-title.elementor-size-xl{font-size:39px}.elementor-widget-heading .elementor-heading-title.elementor-size-xxl{font-size:59px}<\/style><h2 class=\"elementor-heading-title elementor-size-default\">Wypadki w rolnictwie<\/h2>\t\t<\/div>\n\t\t\t\t<\/div>\n\t\t\t\t<div class=\"elementor-element elementor-element-e3b484f elementor-widget elementor-widget-spacer\" data-id=\"e3b484f\" data-element_type=\"widget\" data-widget_type=\"spacer.default\">\n\t\t\t\t<div class=\"elementor-widget-container\">\n\t\t\t\t\t<div class=\"elementor-spacer\">\n\t\t\t<div class=\"elementor-spacer-inner\"><\/div>\n\t\t<\/div>\n\t\t\t\t<\/div>\n\t\t\t\t<\/div>\n\t\t\t\t\t<\/div>\n\t\t\t\t<\/div>\n\t\t<div class=\"elementor-element elementor-element-6c9941b e-flex e-con-boxed e-con e-parent\" data-id=\"6c9941b\" data-element_type=\"container\">\n\t\t\t\t\t<div class=\"e-con-inner\">\n\t\t\t\t<div class=\"elementor-element elementor-element-dfc7a1b elementor-widget elementor-widget-text-editor\" data-id=\"dfc7a1b\" data-element_type=\"widget\" data-widget_type=\"text-editor.default\">\n\t\t\t\t<div class=\"elementor-widget-container\">\n\t\t\t<style>\/*! elementor - v3.23.0 - 05-08-2024 *\/\n.elementor-widget-text-editor.elementor-drop-cap-view-stacked .elementor-drop-cap{background-color:#69727d;color:#fff}.elementor-widget-text-editor.elementor-drop-cap-view-framed .elementor-drop-cap{color:#69727d;border:3px solid;background-color:transparent}.elementor-widget-text-editor:not(.elementor-drop-cap-view-default) .elementor-drop-cap{margin-top:8px}.elementor-widget-text-editor:not(.elementor-drop-cap-view-default) .elementor-drop-cap-letter{width:1em;height:1em}.elementor-widget-text-editor .elementor-drop-cap{float:left;text-align:center;line-height:1;font-size:50px}.elementor-widget-text-editor .elementor-drop-cap-letter{display:inline-block}<\/style>\t\t\t\t<p data-start=\"198\" data-end=\"253\"><strong data-start=\"198\" data-end=\"253\">Odszkodowanie za Wypadki w Rolnictwie \u2013 Twoje Prawo<\/strong><\/p><p data-start=\"255\" data-end=\"721\">Rolnictwo to bran\u017ca pe\u0142na wyzwa\u0144 i ryzyk. Wypadki w rolnictwie, podobnie jak w innych bran\u017cach, mog\u0105 zdarzy\u0107 si\u0119 w najmniej oczekiwanym momencie. Osoby pracuj\u0105ce na wsi, zar\u00f3wno w gospodarstwach rolnych, jak i podczas pracy z maszynami rolniczymi, maj\u0105 prawo do odszkodowania. Opr\u00f3cz jednorazowego odszkodowania z ZUS, poszkodowani pracownicy rolnictwa mog\u0105 stara\u0107 si\u0119 o dodatkowe zado\u015b\u0107uczynienie i odszkodowanie od pracodawcy, a konkretnie od jego ubezpieczyciela.<\/p><h3 data-start=\"723\" data-end=\"794\"><strong data-start=\"727\" data-end=\"794\">Kiedy Wypadek w Rolnictwie Jest Uznawany za Wypadek Przy Pracy?<\/strong><\/h3><p data-start=\"796\" data-end=\"981\">Wypadek w rolnictwie to nie tylko zdarzenia, kt\u00f3re maj\u0105 miejsce bezpo\u015brednio na polu czy w oborze. Wypadki przy pracy w rolnictwie mog\u0105 wyst\u0105pi\u0107 r\u00f3wnie\u017c w innych sytuacjach, takich jak:<\/p><ul data-start=\"983\" data-end=\"1410\"><li data-start=\"983\" data-end=\"1096\"><strong data-start=\"985\" data-end=\"1027\">Wypadek w drodze do pracy w rolnictwie<\/strong> \u2013 Odszkodowanie za wypadek podczas drogi do pola lub gospodarstwa.<\/li><li data-start=\"1097\" data-end=\"1191\"><strong data-start=\"1099\" data-end=\"1127\">Wypadek w drodze z pracy<\/strong> \u2013 Wypadek po zako\u0144czeniu pracy w rolnictwie w drodze do domu.<\/li><li data-start=\"1192\" data-end=\"1410\"><strong data-start=\"1194\" data-end=\"1237\">Zdarzenia zwi\u0105zane z prac\u0105 w rolnictwie<\/strong> \u2013 Wypadki, kt\u00f3re wydarzy\u0142y si\u0119 podczas wykonywania czynno\u015bci w gospodarstwie rolnym, np. przy zbiorach, przy piel\u0119gnacji zwierz\u0105t, czy podczas pracy z maszynami rolniczymi.<\/li><\/ul><h3 data-start=\"1412\" data-end=\"1466\"><strong data-start=\"1416\" data-end=\"1466\">Co Zyskujesz, Zg\u0142aszaj\u0105c Wypadek w Rolnictwie?<\/strong><\/h3><p data-start=\"1468\" data-end=\"1559\">Zg\u0142aszaj\u0105c wypadek w rolnictwie, masz prawo do pe\u0142nego odszkodowania, kt\u00f3re obejmuje m.in.:<\/p><ul data-start=\"1561\" data-end=\"2124\"><li data-start=\"1561\" data-end=\"1655\"><strong data-start=\"1563\" data-end=\"1592\">Pokrycie koszt\u00f3w leczenia<\/strong> \u2013 W tym rehabilitacji, leczenia szpitalnego i ambulatoryjnego.<\/li><li data-start=\"1656\" data-end=\"1753\"><strong data-start=\"1658\" data-end=\"1697\">Zado\u015b\u0107uczynienie za doznan\u0105 krzywd\u0119<\/strong> \u2013 Za b\u00f3l, cierpienie oraz trwa\u0142y uszczerbek na zdrowiu.<\/li><li data-start=\"1754\" data-end=\"1897\"><strong data-start=\"1756\" data-end=\"1814\">Odszkodowanie na pokrycie koszt\u00f3w opieki os\u00f3b trzecich<\/strong> \u2013 W przypadku, gdy w wyniku wypadku nie jeste\u015b w stanie samodzielnie funkcjonowa\u0107.<\/li><li data-start=\"1898\" data-end=\"1991\"><strong data-start=\"1900\" data-end=\"1948\">Odszkodowanie na pokrycie koszt\u00f3w transportu<\/strong> \u2013 Koszt\u00f3w dojazd\u00f3w do plac\u00f3wek medycznych.<\/li><li data-start=\"1992\" data-end=\"2124\"><strong data-start=\"1994\" data-end=\"2045\">Renta w przypadku trwa\u0142ej niezdolno\u015bci do pracy<\/strong> \u2013 Je\u015bli w wyniku wypadku nie b\u0119dziesz w stanie kontynuowa\u0107 pracy w rolnictwie.<\/li><\/ul><h3 data-start=\"2126\" data-end=\"2176\"><strong data-start=\"2130\" data-end=\"2176\">Dlaczego Warto Skorzysta\u0107 z Naszej Pomocy?<\/strong><\/h3><ul data-start=\"2178\" data-end=\"2700\"><li data-start=\"2178\" data-end=\"2319\"><strong data-start=\"2180\" data-end=\"2204\">Brak op\u0142at wst\u0119pnych<\/strong> \u2013 Nasze us\u0142ugi s\u0105 dost\u0119pne bez op\u0142at pocz\u0105tkowych. P\u0142atno\u015b\u0107 za pomoc nast\u0119puje dopiero po uzyskaniu odszkodowania.<\/li><li data-start=\"2320\" data-end=\"2501\"><strong data-start=\"2322\" data-end=\"2355\">Profesjonalne wsparcie prawne<\/strong> \u2013 Nasi do\u015bwiadczeni prawnicy specjalizuj\u0105 si\u0119 w sprawach o wypadki przy pracy w rolnictwie. Zdob\u0119dziemy dla Ciebie wszystkie nale\u017cne \u015bwiadczenia.<\/li><li data-start=\"2502\" data-end=\"2700\"><strong data-start=\"2504\" data-end=\"2539\">Bez obaw o relacje z pracodawc\u0105<\/strong> \u2013 Wi\u0119kszo\u015b\u0107 rolnik\u00f3w posiada polisy OC, dzi\u0119ki kt\u00f3rym odszkodowanie wyp\u0142aca Towarzystwo Ubezpieczeniowe, a nie sam pracodawca. Twoje prawa s\u0105 w pe\u0142ni chronione.<\/li><\/ul><h3 data-start=\"2702\" data-end=\"2750\"><strong data-start=\"2706\" data-end=\"2750\">Wypadki w Rolnictwie \u2013 Jakie Masz Prawa?<\/strong><\/h3><p data-start=\"2752\" data-end=\"3112\">Zg\u0142oszenie wypadku przy pracy w rolnictwie pozwala na uzyskanie pe\u0142nego zado\u015b\u0107uczynienia. Dzi\u0119ki naszym us\u0142ugom mo\u017cesz liczy\u0107 na pomoc w uzyskaniu odszkodowania za wypadek przy pracy w rolnictwie, bez konieczno\u015bci obaw o swoje relacje z pracodawc\u0105. Skontaktuj si\u0119 z nami, aby dowiedzie\u0107 si\u0119, jakie odszkodowanie przys\u0142uguje Ci w przypadku wypadku w rolnictwie.<\/p>\t\t\t\t\t\t<\/div>\n\t\t\t\t<\/div>\n\t\t\t\t\t<\/div>\n\t\t\t\t<\/div>\n\t\t<div class=\"elementor-element elementor-element-7025529 elementor-hidden-tablet elementor-hidden-mobile e-flex e-con-boxed e-con e-parent\" data-id=\"7025529\" data-element_type=\"container\">\n\t\t\t\t\t<div class=\"e-con-inner\">\n\t\t\t\t<div class=\"elementor-element elementor-element-3070413 elementor-widget elementor-widget-heading\" data-id=\"3070413\" data-element_type=\"widget\" data-widget_type=\"heading.default\">\n\t\t\t\t<div class=\"elementor-widget-container\">\n\t\t\t<h2 class=\"elementor-heading-title elementor-size-default\">Wype\u0142nij formularz<\/h2>\t\t<\/div>\n\t\t\t\t<\/div>\n\t\t\t\t<div class=\"elementor-element elementor-element-3b4b42f elementor-align-center elementor-widget elementor-widget-button\" data-id=\"3b4b42f\" data-element_type=\"widget\" data-widget_type=\"button.default\">\n\t\t\t\t<div class=\"elementor-widget-container\">\n\t\t\t\t\t<div class=\"elementor-button-wrapper\">\n\t\t\t<a class=\"elementor-button elementor-button-link elementor-size-sm\" href=\"https:\/\/funduszodszkodowan.eu\/#1\">\n\t\t\t\t\t\t<span class=\"elementor-button-content-wrapper\">\n\t\t\t\t\t\t\t\t\t<span class=\"elementor-button-text\"><b>PRZEJD\u0179 DO FORMULARZA<\/span>\n\t\t\t\t\t<\/span>\n\t\t\t\t\t<\/a>\n\t\t<\/div>\n\t\t\t\t<\/div>\n\t\t\t\t<\/div>\n\t\t\t\t<div class=\"elementor-element elementor-element-3d058e6 elementor-widget elementor-widget-spacer\" data-id=\"3d058e6\" data-element_type=\"widget\" data-widget_type=\"spacer.default\">\n\t\t\t\t<div class=\"elementor-widget-container\">\n\t\t\t\t\t<div class=\"elementor-spacer\">\n\t\t\t<div class=\"elementor-spacer-inner\"><\/div>\n\t\t<\/div>\n\t\t\t\t<\/div>\n\t\t\t\t<\/div>\n\t\t\t\t\t<\/div>\n\t\t\t\t<\/div>\n\t\t<div class=\"elementor-element elementor-element-8c3cc84 elementor-hidden-desktop e-flex e-con-boxed e-con e-parent\" data-id=\"8c3cc84\" data-element_type=\"container\">\n\t\t\t\t\t<div class=\"e-con-inner\">\n\t\t\t\t<div class=\"elementor-element elementor-element-443855d elementor-widget elementor-widget-heading\" data-id=\"443855d\" data-element_type=\"widget\" data-widget_type=\"heading.default\">\n\t\t\t\t<div class=\"elementor-widget-container\">\n\t\t\t<h3 class=\"elementor-heading-title elementor-size-default\">Wype\u0142nij formularz<\/h3>\t\t<\/div>\n\t\t\t\t<\/div>\n\t\t\t\t<div class=\"elementor-element elementor-element-dd7f2e2 elementor-align-center elementor-widget elementor-widget-button\" data-id=\"dd7f2e2\" data-element_type=\"widget\" data-widget_type=\"button.default\">\n\t\t\t\t<div class=\"elementor-widget-container\">\n\t\t\t\t\t<div class=\"elementor-button-wrapper\">\n\t\t\t<a class=\"elementor-button elementor-button-link elementor-size-sm\" href=\"https:\/\/funduszodszkodowan.eu\/#1\">\n\t\t\t\t\t\t<span class=\"elementor-button-content-wrapper\">\n\t\t\t\t\t\t\t\t\t<span class=\"elementor-button-text\">PRZEJD\u0179 DO FORMULARZA<\/span>\n\t\t\t\t\t<\/span>\n\t\t\t\t\t<\/a>\n\t\t<\/div>\n\t\t\t\t<\/div>\n\t\t\t\t<\/div>\n\t\t\t\t<div class=\"elementor-element elementor-element-95da3a1 elementor-widget elementor-widget-spacer\" data-id=\"95da3a1\" data-element_type=\"widget\" data-widget_type=\"spacer.default\">\n\t\t\t\t<div class=\"elementor-widget-container\">\n\t\t\t\t\t<div class=\"elementor-spacer\">\n\t\t\t<div class=\"elementor-spacer-inner\"><\/div>\n\t\t<\/div>\n\t\t\t\t<\/div>\n\t\t\t\t<\/div>\n\t\t\t\t\t<\/div>\n\t\t\t\t<\/div>\n\t\t\t\t<\/div>\n\t\t","protected":false},"excerpt":{"rendered":"<p>Wypadki w rolnictwie Odszkodowanie za Wypadki w Rolnictwie \u2013 Twoje Prawo Rolnictwo to bran\u017ca pe\u0142na wyzwa\u0144 i ryzyk. Wypadki w rolnictwie, podobnie jak w innych bran\u017cach, mog\u0105 zdarzy\u0107 si\u0119 w najmniej oczekiwanym momencie. Osoby pracuj\u0105ce na wsi, zar\u00f3wno w gospodarstwach rolnych, jak i podczas pracy z maszynami rolniczymi, maj\u0105 prawo do odszkodowania. Opr\u00f3cz jednorazowego odszkodowania&#8230;<\/p>\n","protected":false},"author":1,"featured_media":0,"parent":0,"menu_order":0,"comment_status":"closed","ping_status":"closed","template":"","meta":{"_kadence_starter_templates_imported_post":false,"_kad_post_transparent":"","_kad_post_title":"hide","_kad_post_layout":"fullwidth","_kad_post_sidebar_id":"","_kad_post_content_style":"unboxed","_kad_post_vertical_padding":"hide","_kad_post_feature":"hide","_kad_post_feature_position":"","_kad_post_header":false,"_kad_post_footer":false,"footnotes":""},"class_list":["post-1654","page","type-page","status-publish","hentry"],"_links":{"self":[{"href":"https:\/\/funduszodszkodowan.eu\/index.php?rest_route=\/wp\/v2\/pages\/1654","targetHints":{"allow":["GET"]}}],"collection":[{"href":"https:\/\/funduszodszkodowan.eu\/index.php?rest_route=\/wp\/v2\/pages"}],"about":[{"href":"https:\/\/funduszodszkodowan.eu\/index.php?rest_route=\/wp\/v2\/types\/page"}],"author":[{"embeddable":true,"href":"https:\/\/funduszodszkodowan.eu\/index.php?rest_route=\/wp\/v2\/users\/1"}],"replies":[{"embeddable":true,"href":"https:\/\/funduszodszkodowan.eu\/index.php?rest_route=%2Fwp%2Fv2%2Fcomments&post=1654"}],"version-history":[{"count":19,"href":"https:\/\/funduszodszkodowan.eu\/index.php?rest_route=\/wp\/v2\/pages\/1654\/revisions"}],"predecessor-version":[{"id":1868,"href":"https:\/\/funduszodszkodowan.eu\/index.php?rest_route=\/wp\/v2\/pages\/1654\/revisions\/1868"}],"wp:attachment":[{"href":"https:\/\/funduszodszkodowan.eu\/index.php?rest_route=%2Fwp%2Fv2%2Fmedia&parent=1654"}],"curies":[{"name":"wp","href":"https:\/\/api.w.org\/{rel}","templated":true}]}}