{"id":1696,"date":"2025-02-04T10:09:30","date_gmt":"2025-02-04T09:09:30","guid":{"rendered":"https:\/\/funduszodszkodowan.eu\/?page_id=1696"},"modified":"2025-02-27T14:49:48","modified_gmt":"2025-02-27T13:49:48","slug":"wspolpraca","status":"publish","type":"page","link":"https:\/\/funduszodszkodowan.eu\/?page_id=1696","title":{"rendered":"Wsp\u00f3\u0142praca"},"content":{"rendered":"\t\t<div data-elementor-type=\"wp-page\" data-elementor-id=\"1696\" class=\"elementor elementor-1696\">\n\t\t\t\t<div class=\"elementor-element elementor-element-e5d9a14 e-flex e-con-boxed e-con e-parent\" data-id=\"e5d9a14\" data-element_type=\"container\" data-settings=\"{&quot;background_background&quot;:&quot;classic&quot;}\">\n\t\t\t\t\t<div class=\"e-con-inner\">\n\t\t\t\t<div class=\"elementor-element elementor-element-18ef6f1 elementor-widget elementor-widget-spacer\" data-id=\"18ef6f1\" data-element_type=\"widget\" data-widget_type=\"spacer.default\">\n\t\t\t\t<div class=\"elementor-widget-container\">\n\t\t\t<style>\/*! elementor - v3.23.0 - 05-08-2024 *\/\n.elementor-column .elementor-spacer-inner{height:var(--spacer-size)}.e-con{--container-widget-width:100%}.e-con-inner>.elementor-widget-spacer,.e-con>.elementor-widget-spacer{width:var(--container-widget-width,var(--spacer-size));--align-self:var(--container-widget-align-self,initial);--flex-shrink:0}.e-con-inner>.elementor-widget-spacer>.elementor-widget-container,.e-con>.elementor-widget-spacer>.elementor-widget-container{height:100%;width:100%}.e-con-inner>.elementor-widget-spacer>.elementor-widget-container>.elementor-spacer,.e-con>.elementor-widget-spacer>.elementor-widget-container>.elementor-spacer{height:100%}.e-con-inner>.elementor-widget-spacer>.elementor-widget-container>.elementor-spacer>.elementor-spacer-inner,.e-con>.elementor-widget-spacer>.elementor-widget-container>.elementor-spacer>.elementor-spacer-inner{height:var(--container-widget-height,var(--spacer-size))}.e-con-inner>.elementor-widget-spacer.elementor-widget-empty,.e-con>.elementor-widget-spacer.elementor-widget-empty{position:relative;min-height:22px;min-width:22px}.e-con-inner>.elementor-widget-spacer.elementor-widget-empty .elementor-widget-empty-icon,.e-con>.elementor-widget-spacer.elementor-widget-empty .elementor-widget-empty-icon{position:absolute;top:0;bottom:0;left:0;right:0;margin:auto;padding:0;width:22px;height:22px}<\/style>\t\t<div class=\"elementor-spacer\">\n\t\t\t<div class=\"elementor-spacer-inner\"><\/div>\n\t\t<\/div>\n\t\t\t\t<\/div>\n\t\t\t\t<\/div>\n\t\t\t\t<div class=\"elementor-element elementor-element-d315aec elementor-widget elementor-widget-heading\" data-id=\"d315aec\" data-element_type=\"widget\" data-widget_type=\"heading.default\">\n\t\t\t\t<div class=\"elementor-widget-container\">\n\t\t\t<style>\/*! elementor - v3.23.0 - 05-08-2024 *\/\n.elementor-heading-title{padding:0;margin:0;line-height:1}.elementor-widget-heading .elementor-heading-title[class*=elementor-size-]>a{color:inherit;font-size:inherit;line-height:inherit}.elementor-widget-heading .elementor-heading-title.elementor-size-small{font-size:15px}.elementor-widget-heading .elementor-heading-title.elementor-size-medium{font-size:19px}.elementor-widget-heading .elementor-heading-title.elementor-size-large{font-size:29px}.elementor-widget-heading .elementor-heading-title.elementor-size-xl{font-size:39px}.elementor-widget-heading .elementor-heading-title.elementor-size-xxl{font-size:59px}<\/style><h2 class=\"elementor-heading-title elementor-size-default\">Wsp\u00f3\u0142praca<\/h2>\t\t<\/div>\n\t\t\t\t<\/div>\n\t\t\t\t<div class=\"elementor-element elementor-element-585b3f2 elementor-widget elementor-widget-spacer\" data-id=\"585b3f2\" data-element_type=\"widget\" data-widget_type=\"spacer.default\">\n\t\t\t\t<div class=\"elementor-widget-container\">\n\t\t\t\t\t<div class=\"elementor-spacer\">\n\t\t\t<div class=\"elementor-spacer-inner\"><\/div>\n\t\t<\/div>\n\t\t\t\t<\/div>\n\t\t\t\t<\/div>\n\t\t\t\t\t<\/div>\n\t\t\t\t<\/div>\n\t\t<div class=\"elementor-element elementor-element-7e88605 e-flex e-con-boxed e-con e-parent\" data-id=\"7e88605\" data-element_type=\"container\">\n\t\t\t\t\t<div class=\"e-con-inner\">\n\t\t\t\t<div class=\"elementor-element elementor-element-193b89b elementor-widget elementor-widget-text-editor\" data-id=\"193b89b\" data-element_type=\"widget\" data-widget_type=\"text-editor.default\">\n\t\t\t\t<div class=\"elementor-widget-container\">\n\t\t\t<style>\/*! elementor - v3.23.0 - 05-08-2024 *\/\n.elementor-widget-text-editor.elementor-drop-cap-view-stacked .elementor-drop-cap{background-color:#69727d;color:#fff}.elementor-widget-text-editor.elementor-drop-cap-view-framed .elementor-drop-cap{color:#69727d;border:3px solid;background-color:transparent}.elementor-widget-text-editor:not(.elementor-drop-cap-view-default) .elementor-drop-cap{margin-top:8px}.elementor-widget-text-editor:not(.elementor-drop-cap-view-default) .elementor-drop-cap-letter{width:1em;height:1em}.elementor-widget-text-editor .elementor-drop-cap{float:left;text-align:center;line-height:1;font-size:50px}.elementor-widget-text-editor .elementor-drop-cap-letter{display:inline-block}<\/style>\t\t\t\t<h2 style=\"text-align: center;\">Zapraszamy do wsp\u00f3\u0142pracy<\/h2><p data-start=\"133\" data-end=\"614\"><strong data-start=\"133\" data-end=\"161\">Zapraszamy do wsp\u00f3\u0142pracy<\/strong> wszystkich ambitnych ludzi, kt\u00f3rzy chc\u0105 rozpocz\u0105\u0107 swoj\u0105 karier\u0119 jako <strong data-start=\"231\" data-end=\"258\">doradca ds. odszkodowa\u0144<\/strong>. Je\u015bli szukasz <strong data-start=\"274\" data-end=\"297\">dochodowego zaj\u0119cia<\/strong>, jeste\u015bmy idealnym rozwi\u0105zaniem dla Ciebie! <strong data-start=\"342\" data-end=\"372\">Nie wymagamy do\u015bwiadczenia<\/strong> \u2013 liczy si\u0119 dla nas Twoja <strong data-start=\"399\" data-end=\"413\">ch\u0119\u0107 nauki<\/strong>, <strong data-start=\"415\" data-end=\"434\">komunikatywno\u015b\u0107<\/strong> oraz <strong data-start=\"440\" data-end=\"465\">gotowo\u015b\u0107 do dzia\u0142ania<\/strong>. Ca\u0142\u0105 reszt\u0119 nauczymy Ci\u0119 podczas specjalistycznego <strong data-start=\"518\" data-end=\"531\">szkolenia<\/strong>, kt\u00f3re pomo\u017ce Ci zdoby\u0107 niezb\u0119dn\u0105 wiedz\u0119, by odnosi\u0107 sukcesy w bran\u017cy odszkodowa\u0144.<\/p><h3 data-start=\"616\" data-end=\"649\"><strong data-start=\"620\" data-end=\"648\">Wymagania dla Kandydat\u00f3w<\/strong>:<\/h3><ul data-start=\"651\" data-end=\"1076\"><li data-start=\"651\" data-end=\"763\"><strong data-start=\"653\" data-end=\"677\">Ch\u0119\u0107 nauki i rozwoju<\/strong> \u2013 Nie musisz mie\u0107 do\u015bwiadczenia w bran\u017cy, ale Twoja otwarto\u015b\u0107 na nauk\u0119 jest kluczowa.<\/li><li data-start=\"764\" data-end=\"909\"><strong data-start=\"766\" data-end=\"816\">Komunikatywno\u015b\u0107 i umiej\u0119tno\u015bci interpersonalne<\/strong> \u2013 To wa\u017cne, by\u015b potrafi\u0142\/a efektywnie rozmawia\u0107 z klientami i przekonywa\u0107 ich do wsp\u00f3\u0142pracy.<\/li><li data-start=\"910\" data-end=\"1073\"><strong data-start=\"912\" data-end=\"937\">Gotowo\u015b\u0107 do dzia\u0142ania<\/strong> \u2013 Bran\u017ca odszkodowa\u0144 wymaga zaanga\u017cowania i aktywno\u015bci, a my szukamy os\u00f3b pe\u0142nych energii, kt\u00f3re b\u0119d\u0105 dzia\u0142a\u0107 na rzecz swoich klient\u00f3w.<\/li><\/ul><h3 data-start=\"1077\" data-end=\"1116\"><strong data-start=\"1081\" data-end=\"1115\">Korzy\u015bci Zwi\u0105zane z Wsp\u00f3\u0142prac\u0105<\/strong>:<\/h3><ul data-start=\"1118\" data-end=\"1722\"><li data-start=\"1118\" data-end=\"1271\"><strong data-start=\"1120\" data-end=\"1136\">Praca zdalna<\/strong> \u2013 Mo\u017cliwo\u015b\u0107 pracy zdalnej z dowolnego miejsca w Polsce. Dzi\u0119ki elastycznym godzinom pracy mo\u017cesz dostosowa\u0107 j\u0105 do swojego trybu \u017cycia.<\/li><li data-start=\"1272\" data-end=\"1396\"><strong data-start=\"1274\" data-end=\"1302\">Elastyczne godziny pracy<\/strong> \u2013 Ty decydujesz, kiedy i ile godzin pracujesz, co pozwala na pe\u0142n\u0105 kontrol\u0119 nad swoim czasem.<\/li><li data-start=\"1397\" data-end=\"1553\"><strong data-start=\"1399\" data-end=\"1431\">Atrakcyjne prowizje i premie<\/strong> \u2013 Gwarantujemy <strong data-start=\"1447\" data-end=\"1469\">najlepsze prowizje<\/strong> oraz dodatkowe <strong data-start=\"1485\" data-end=\"1495\">premie<\/strong> za wyniki, dzi\u0119ki kt\u00f3rym mo\u017cesz osi\u0105gn\u0105\u0107 wysokie zarobki.<\/li><li data-start=\"1554\" data-end=\"1722\"><strong data-start=\"1556\" data-end=\"1580\">Szkolenie i wsparcie<\/strong> \u2013 Nie zostawimy Ci\u0119 samego\/samej \u2013 nasz zesp\u00f3\u0142 zapewni Ci pe\u0142ne wsparcie i <strong data-start=\"1656\" data-end=\"1669\">szkolenie<\/strong>, kt\u00f3re przygotuje Ci\u0119 do pracy w bran\u017cy odszkodowa\u0144.<\/li><\/ul><h3 data-start=\"1724\" data-end=\"1763\"><strong data-start=\"1728\" data-end=\"1763\">Dlaczego Warto Z Nami Pracowa\u0107?<\/strong><\/h3><ul data-start=\"1765\" data-end=\"2260\"><li data-start=\"1765\" data-end=\"1925\"><strong data-start=\"1767\" data-end=\"1797\">Bran\u017ca z du\u017cym potencja\u0142em<\/strong> \u2013 <strong data-start=\"1800\" data-end=\"1821\">Rynek odszkodowa\u0144<\/strong> w Polsce ro\u015bnie, a z nami b\u0119dziesz mia\u0142\/a mo\u017cliwo\u015b\u0107 zarabiania w dynamicznie rozwijaj\u0105cym si\u0119 sektorze.<\/li><li data-start=\"1926\" data-end=\"2074\"><strong data-start=\"1928\" data-end=\"1959\">Stabilno\u015b\u0107 i profesjonalizm<\/strong> \u2013 Jako firma z do\u015bwiadczeniem w bran\u017cy, zapewniamy profesjonalne wsparcie, kt\u00f3re pozwoli Ci na osi\u0105ganie sukces\u00f3w.<\/li><li data-start=\"2075\" data-end=\"2260\"><strong data-start=\"2077\" data-end=\"2103\">D\u0142ugofalowa wsp\u00f3\u0142praca<\/strong> \u2013 Stawiamy na <strong data-start=\"2118\" data-end=\"2164\">d\u0142ugoterminowe relacje z naszymi doradcami<\/strong>. Chcemy, by\u015b rozwija\u0142\/a si\u0119 razem z nami i zdobywa\u0142\/a cenne do\u015bwiadczenie w bran\u017cy odszkodowa\u0144.<\/li><\/ul><h3 data-start=\"2262\" data-end=\"2301\"><strong data-start=\"2266\" data-end=\"2301\">Poszukujemy Os\u00f3b Z Ca\u0142ej Polski<\/strong><\/h3><p data-start=\"2303\" data-end=\"2559\">Jeste\u015bmy otwarci na kandydat\u00f3w z ca\u0142ej Polski, poniewa\u017c <strong data-start=\"2359\" data-end=\"2375\">praca zdalna<\/strong> umo\u017cliwia wsp\u00f3\u0142prac\u0119 na odleg\u0142o\u015b\u0107, niezale\u017cnie od miejsca zamieszkania. Elastyczno\u015b\u0107 i mobilno\u015b\u0107 s\u0105 dla nas kluczowe, dlatego zapraszamy osoby z r\u00f3\u017cnych region\u00f3w kraju do aplikowania!<\/p><hr data-start=\"2561\" data-end=\"2564\" \/><p data-start=\"2566\" data-end=\"2610\"><strong data-start=\"2566\" data-end=\"2610\">Zainteresowany\/a? Skontaktuj si\u0119 z nami!<\/strong><\/p><p data-start=\"2612\" data-end=\"2831\">Je\u015bli chcesz do\u0142\u0105czy\u0107 do naszego zespo\u0142u i rozpocz\u0105\u0107 prac\u0119 w bran\u017cy odszkodowa\u0144, wy\u015blij nam swoje zg\u0142oszenie. Gwarantujemy <strong data-start=\"2735\" data-end=\"2763\">atrakcyjne warunki pracy<\/strong> oraz mo\u017cliwo\u015bci <strong data-start=\"2780\" data-end=\"2802\">rozwoju zawodowego<\/strong>. Czekamy na Twoj\u0105 aplikacj\u0119!<\/p>\t\t\t\t\t\t<\/div>\n\t\t\t\t<\/div>\n\t\t\t\t\t<\/div>\n\t\t\t\t<\/div>\n\t\t<div class=\"elementor-element elementor-element-2396f35 e-flex e-con-boxed e-con e-parent\" data-id=\"2396f35\" data-element_type=\"container\">\n\t\t\t\t\t<div class=\"e-con-inner\">\n\t\t\t\t<div class=\"elementor-element elementor-element-6f50efb elementor-align-center elementor-widget elementor-widget-button\" data-id=\"6f50efb\" data-element_type=\"widget\" data-widget_type=\"button.default\">\n\t\t\t\t<div class=\"elementor-widget-container\">\n\t\t\t\t\t<div class=\"elementor-button-wrapper\">\n\t\t\t<a class=\"elementor-button elementor-button-link elementor-size-sm\" href=\"http:\/\/funduszodszkodowan.eu\">\n\t\t\t\t\t\t<span class=\"elementor-button-content-wrapper\">\n\t\t\t\t\t\t\t\t\t<span class=\"elementor-button-text\"><b>SKONTAKTUJ SI\u0118 Z NAMI<\/span>\n\t\t\t\t\t<\/span>\n\t\t\t\t\t<\/a>\n\t\t<\/div>\n\t\t\t\t<\/div>\n\t\t\t\t<\/div>\n\t\t\t\t\t<\/div>\n\t\t\t\t<\/div>\n\t\t\t\t<\/div>\n\t\t","protected":false},"excerpt":{"rendered":"<p>Wsp\u00f3\u0142praca Zapraszamy do wsp\u00f3\u0142pracy Zapraszamy do wsp\u00f3\u0142pracy wszystkich ambitnych ludzi, kt\u00f3rzy chc\u0105 rozpocz\u0105\u0107 swoj\u0105 karier\u0119 jako doradca ds. odszkodowa\u0144. Je\u015bli szukasz dochodowego zaj\u0119cia, jeste\u015bmy idealnym rozwi\u0105zaniem dla Ciebie! Nie wymagamy do\u015bwiadczenia \u2013 liczy si\u0119 dla nas Twoja ch\u0119\u0107 nauki, komunikatywno\u015b\u0107 oraz gotowo\u015b\u0107 do dzia\u0142ania. Ca\u0142\u0105 reszt\u0119 nauczymy Ci\u0119 podczas specjalistycznego szkolenia, kt\u00f3re pomo\u017ce Ci zdoby\u0107&#8230;<\/p>\n","protected":false},"author":1,"featured_media":0,"parent":0,"menu_order":0,"comment_status":"closed","ping_status":"closed","template":"","meta":{"_kadence_starter_templates_imported_post":false,"_kad_post_transparent":"","_kad_post_title":"hide","_kad_post_layout":"fullwidth","_kad_post_sidebar_id":"","_kad_post_content_style":"unboxed","_kad_post_vertical_padding":"hide","_kad_post_feature":"hide","_kad_post_feature_position":"","_kad_post_header":false,"_kad_post_footer":false,"footnotes":""},"class_list":["post-1696","page","type-page","status-publish","hentry"],"_links":{"self":[{"href":"https:\/\/funduszodszkodowan.eu\/index.php?rest_route=\/wp\/v2\/pages\/1696","targetHints":{"allow":["GET"]}}],"collection":[{"href":"https:\/\/funduszodszkodowan.eu\/index.php?rest_route=\/wp\/v2\/pages"}],"about":[{"href":"https:\/\/funduszodszkodowan.eu\/index.php?rest_route=\/wp\/v2\/types\/page"}],"author":[{"embeddable":true,"href":"https:\/\/funduszodszkodowan.eu\/index.php?rest_route=\/wp\/v2\/users\/1"}],"replies":[{"embeddable":true,"href":"https:\/\/funduszodszkodowan.eu\/index.php?rest_route=%2Fwp%2Fv2%2Fcomments&post=1696"}],"version-history":[{"count":25,"href":"https:\/\/funduszodszkodowan.eu\/index.php?rest_route=\/wp\/v2\/pages\/1696\/revisions"}],"predecessor-version":[{"id":1852,"href":"https:\/\/funduszodszkodowan.eu\/index.php?rest_route=\/wp\/v2\/pages\/1696\/revisions\/1852"}],"wp:attachment":[{"href":"https:\/\/funduszodszkodowan.eu\/index.php?rest_route=%2Fwp%2Fv2%2Fmedia&parent=1696"}],"curies":[{"name":"wp","href":"https:\/\/api.w.org\/{rel}","templated":true}]}}